{"id":53,"date":"2019-11-21T14:13:40","date_gmt":"2019-11-21T13:13:40","guid":{"rendered":"http:\/\/localhost\/piekarnia-cukiernia\/?page_id=53"},"modified":"2022-12-12T21:32:31","modified_gmt":"2022-12-12T20:32:31","slug":"kontakt","status":"publish","type":"page","link":"https:\/\/srhrolnik.pl\/piekarnia-cukiernia\/?page_id=53","title":{"rendered":"KONTAKT"},"content":{"rendered":"\t\t<div data-elementor-type=\"wp-page\" data-elementor-id=\"53\" class=\"elementor elementor-53\">\n\t\t\t\t\t\t<div class=\"elementor-inner\">\n\t\t\t\t<div class=\"elementor-section-wrap\">\n\t\t\t\t\t\t\t\t\t<section class=\"elementor-section elementor-top-section elementor-element elementor-element-be4a27f elementor-section-boxed elementor-section-height-default elementor-section-height-default\" data-id=\"be4a27f\" data-element_type=\"section\">\n\t\t\t\t\t\t<div class=\"elementor-container elementor-column-gap-default\">\n\t\t\t\t\t\t\t<div class=\"elementor-row\">\n\t\t\t\t\t<div class=\"elementor-column elementor-col-100 elementor-top-column elementor-element elementor-element-9df6491\" data-id=\"9df6491\" data-element_type=\"column\">\n\t\t\t<div class=\"elementor-column-wrap elementor-element-populated\">\n\t\t\t\t\t\t\t<div class=\"elementor-widget-wrap\">\n\t\t\t\t\t\t<div class=\"elementor-element elementor-element-c83c59d elementor-widget elementor-widget-heading\" data-id=\"c83c59d\" data-element_type=\"widget\" data-widget_type=\"heading.default\">\n\t\t\t\t<div class=\"elementor-widget-container\">\n\t\t\t<h2 class=\"elementor-heading-title elementor-size-default\">Kontakt<\/h2>\t\t<\/div>\n\t\t\t\t<\/div>\n\t\t\t\t<section class=\"elementor-section elementor-inner-section elementor-element elementor-element-1b7535b elementor-section-boxed elementor-section-height-default elementor-section-height-default\" data-id=\"1b7535b\" data-element_type=\"section\">\n\t\t\t\t\t\t<div class=\"elementor-container elementor-column-gap-default\">\n\t\t\t\t\t\t\t<div class=\"elementor-row\">\n\t\t\t\t\t<div class=\"elementor-column elementor-col-25 elementor-inner-column elementor-element elementor-element-c3282f1\" data-id=\"c3282f1\" data-element_type=\"column\">\n\t\t\t<div class=\"elementor-column-wrap elementor-element-populated\">\n\t\t\t\t\t\t\t<div class=\"elementor-widget-wrap\">\n\t\t\t\t\t\t<div class=\"elementor-element elementor-element-eb3be31 elementor-vertical-align-middle elementor-view-default elementor-mobile-position-top elementor-widget elementor-widget-icon-box\" data-id=\"eb3be31\" data-element_type=\"widget\" data-widget_type=\"icon-box.default\">\n\t\t\t\t<div class=\"elementor-widget-container\">\n\t\t\t\t\t<div class=\"elementor-icon-box-wrapper\">\n\t\t\t\t\t\t<div class=\"elementor-icon-box-icon\">\n\t\t\t\t<span class=\"elementor-icon elementor-animation-\" >\n\t\t\t\t<i aria-hidden=\"true\" class=\"fas fa-mobile-alt\"><\/i>\t\t\t\t<\/span>\n\t\t\t<\/div>\n\t\t\t\t\t\t<div class=\"elementor-icon-box-content\">\n\t\t\t\t<h3 class=\"elementor-icon-box-title\">\n\t\t\t\t\t<span  >\n\t\t\t\t\t\tZadzwo\u0144\t\t\t\t\t<\/span>\n\t\t\t\t<\/h3>\n\t\t\t\t\t\t\t\t\t<p class=\"elementor-icon-box-description\">\n\t\t\t\t\t\t61 812 22 81<br\/>691 222 060\n\t\t\t\t\t<\/p>\n\t\t\t\t\t\t\t<\/div>\n\t\t<\/div>\n\t\t\t\t<\/div>\n\t\t\t\t<\/div>\n\t\t\t\t\t\t<\/div>\n\t\t\t\t\t<\/div>\n\t\t<\/div>\n\t\t\t\t<div class=\"elementor-column elementor-col-25 elementor-inner-column elementor-element elementor-element-6b0d85c\" data-id=\"6b0d85c\" data-element_type=\"column\">\n\t\t\t<div class=\"elementor-column-wrap elementor-element-populated\">\n\t\t\t\t\t\t\t<div class=\"elementor-widget-wrap\">\n\t\t\t\t\t\t<div class=\"elementor-element elementor-element-73428d9 elementor-view-default elementor-mobile-position-top elementor-vertical-align-top elementor-widget elementor-widget-icon-box\" data-id=\"73428d9\" data-element_type=\"widget\" data-widget_type=\"icon-box.default\">\n\t\t\t\t<div class=\"elementor-widget-container\">\n\t\t\t\t\t<div class=\"elementor-icon-box-wrapper\">\n\t\t\t\t\t\t<div class=\"elementor-icon-box-icon\">\n\t\t\t\t<span class=\"elementor-icon elementor-animation-\" >\n\t\t\t\t<i aria-hidden=\"true\" class=\"fas fa-map-marker-alt\"><\/i>\t\t\t\t<\/span>\n\t\t\t<\/div>\n\t\t\t\t\t\t<div class=\"elementor-icon-box-content\">\n\t\t\t\t<h3 class=\"elementor-icon-box-title\">\n\t\t\t\t\t<span  >\n\t\t\t\t\t\tAdres\t\t\t\t\t<\/span>\n\t\t\t\t<\/h3>\n\t\t\t\t\t\t\t\t\t<p class=\"elementor-icon-box-description\">\n\t\t\t\t\t\t62-095 Murowana Go\u015blina,<br\/>ul. Polna 5\t\t\t\t\t<\/p>\n\t\t\t\t\t\t\t<\/div>\n\t\t<\/div>\n\t\t\t\t<\/div>\n\t\t\t\t<\/div>\n\t\t\t\t\t\t<\/div>\n\t\t\t\t\t<\/div>\n\t\t<\/div>\n\t\t\t\t<div class=\"elementor-column elementor-col-25 elementor-inner-column elementor-element elementor-element-14469d9\" data-id=\"14469d9\" data-element_type=\"column\">\n\t\t\t<div class=\"elementor-column-wrap elementor-element-populated\">\n\t\t\t\t\t\t\t<div class=\"elementor-widget-wrap\">\n\t\t\t\t\t\t<div class=\"elementor-element elementor-element-4094d85 elementor-view-default elementor-mobile-position-top elementor-vertical-align-top elementor-widget elementor-widget-icon-box\" data-id=\"4094d85\" data-element_type=\"widget\" data-widget_type=\"icon-box.default\">\n\t\t\t\t<div class=\"elementor-widget-container\">\n\t\t\t\t\t<div class=\"elementor-icon-box-wrapper\">\n\t\t\t\t\t\t<div class=\"elementor-icon-box-icon\">\n\t\t\t\t<span class=\"elementor-icon elementor-animation-\" >\n\t\t\t\t<i aria-hidden=\"true\" class=\"far fa-clock\"><\/i>\t\t\t\t<\/span>\n\t\t\t<\/div>\n\t\t\t\t\t\t<div class=\"elementor-icon-box-content\">\n\t\t\t\t<h3 class=\"elementor-icon-box-title\">\n\t\t\t\t\t<span  >\n\t\t\t\t\t\tGodziny otwarcia\t\t\t\t\t<\/span>\n\t\t\t\t<\/h3>\n\t\t\t\t\t\t\t\t\t<p class=\"elementor-icon-box-description\">\n\t\t\t\t\t\tpon-pt: 7:00-15:00<br\/>\nsob: 7:00 - 11:00\t\t\t\t\t<\/p>\n\t\t\t\t\t\t\t<\/div>\n\t\t<\/div>\n\t\t\t\t<\/div>\n\t\t\t\t<\/div>\n\t\t\t\t\t\t<\/div>\n\t\t\t\t\t<\/div>\n\t\t<\/div>\n\t\t\t\t<div class=\"elementor-column elementor-col-25 elementor-inner-column elementor-element elementor-element-ac2c551\" data-id=\"ac2c551\" data-element_type=\"column\">\n\t\t\t<div class=\"elementor-column-wrap elementor-element-populated\">\n\t\t\t\t\t\t\t<div class=\"elementor-widget-wrap\">\n\t\t\t\t\t\t<div class=\"elementor-element elementor-element-15827fc elementor-view-default elementor-mobile-position-top elementor-vertical-align-top elementor-widget elementor-widget-icon-box\" data-id=\"15827fc\" data-element_type=\"widget\" data-widget_type=\"icon-box.default\">\n\t\t\t\t<div class=\"elementor-widget-container\">\n\t\t\t\t\t<div class=\"elementor-icon-box-wrapper\">\n\t\t\t\t\t\t<div class=\"elementor-icon-box-icon\">\n\t\t\t\t<span class=\"elementor-icon elementor-animation-\" >\n\t\t\t\t<i aria-hidden=\"true\" class=\"far fa-envelope\"><\/i>\t\t\t\t<\/span>\n\t\t\t<\/div>\n\t\t\t\t\t\t<div class=\"elementor-icon-box-content\">\n\t\t\t\t<h3 class=\"elementor-icon-box-title\">\n\t\t\t\t\t<span  >\n\t\t\t\t\t\tNapisz\t\t\t\t\t<\/span>\n\t\t\t\t<\/h3>\n\t\t\t\t\t\t\t\t\t<p class=\"elementor-icon-box-description\">\n\t\t\t\t\t\tpiekarnia@srhrolnik.pl\t\t\t\t\t<\/p>\n\t\t\t\t\t\t\t<\/div>\n\t\t<\/div>\n\t\t\t\t<\/div>\n\t\t\t\t<\/div>\n\t\t\t\t\t\t<\/div>\n\t\t\t\t\t<\/div>\n\t\t<\/div>\n\t\t\t\t\t\t\t\t<\/div>\n\t\t\t\t\t<\/div>\n\t\t<\/section>\n\t\t\t\t\t\t<\/div>\n\t\t\t\t\t<\/div>\n\t\t<\/div>\n\t\t\t\t\t\t\t\t<\/div>\n\t\t\t\t\t<\/div>\n\t\t<\/section>\n\t\t\t\t<section class=\"elementor-section elementor-top-section elementor-element elementor-element-734e3c6 elementor-section-boxed elementor-section-height-default elementor-section-height-default\" data-id=\"734e3c6\" data-element_type=\"section\">\n\t\t\t\t\t\t<div class=\"elementor-container elementor-column-gap-default\">\n\t\t\t\t\t\t\t<div class=\"elementor-row\">\n\t\t\t\t\t<div class=\"elementor-column elementor-col-100 elementor-top-column elementor-element elementor-element-d7a3ce3\" data-id=\"d7a3ce3\" data-element_type=\"column\">\n\t\t\t<div class=\"elementor-column-wrap elementor-element-populated\">\n\t\t\t\t\t\t\t<div class=\"elementor-widget-wrap\">\n\t\t\t\t\t\t<div class=\"elementor-element elementor-element-bad1f89 elementor-widget elementor-widget-spacer\" data-id=\"bad1f89\" data-element_type=\"widget\" data-widget_type=\"spacer.default\">\n\t\t\t\t<div class=\"elementor-widget-container\">\n\t\t\t\t\t<div class=\"elementor-spacer\">\n\t\t\t<div class=\"elementor-spacer-inner\"><\/div>\n\t\t<\/div>\n\t\t\t\t<\/div>\n\t\t\t\t<\/div>\n\t\t\t\t\t\t<\/div>\n\t\t\t\t\t<\/div>\n\t\t<\/div>\n\t\t\t\t\t\t\t\t<\/div>\n\t\t\t\t\t<\/div>\n\t\t<\/section>\n\t\t\t\t<section class=\"elementor-section elementor-top-section elementor-element elementor-element-d096c19 elementor-section-boxed elementor-section-height-default elementor-section-height-default\" data-id=\"d096c19\" data-element_type=\"section\">\n\t\t\t\t\t\t<div class=\"elementor-container elementor-column-gap-default\">\n\t\t\t\t\t\t\t<div class=\"elementor-row\">\n\t\t\t\t\t<div class=\"elementor-column elementor-col-50 elementor-top-column elementor-element elementor-element-f67ae19\" data-id=\"f67ae19\" data-element_type=\"column\">\n\t\t\t<div class=\"elementor-column-wrap elementor-element-populated\">\n\t\t\t\t\t\t\t<div class=\"elementor-widget-wrap\">\n\t\t\t\t\t\t<div class=\"elementor-element elementor-element-20512e5 elementor-widget elementor-widget-google_maps\" data-id=\"20512e5\" data-element_type=\"widget\" data-widget_type=\"google_maps.default\">\n\t\t\t\t<div class=\"elementor-widget-container\">\n\t\t\t\t\t<div class=\"elementor-custom-embed\">\n\t\t\t<iframe loading=\"lazy\"\n\t\t\t\t\tsrc=\"https:\/\/maps.google.com\/maps?q=SRH%20ROLNIK%20piekarnia%20Murowana%20Go%C5%9Blina&#038;t=m&#038;z=14&#038;output=embed&#038;iwloc=near\"\n\t\t\t\t\ttitle=\"SRH ROLNIK piekarnia Murowana Go\u015blina\"\n\t\t\t\t\taria-label=\"SRH ROLNIK piekarnia Murowana Go\u015blina\"\n\t\t\t><\/iframe>\n\t\t<\/div>\n\t\t\t\t<\/div>\n\t\t\t\t<\/div>\n\t\t\t\t\t\t<\/div>\n\t\t\t\t\t<\/div>\n\t\t<\/div>\n\t\t\t\t<div class=\"elementor-column elementor-col-50 elementor-top-column elementor-element elementor-element-d725d9e\" data-id=\"d725d9e\" data-element_type=\"column\">\n\t\t\t<div class=\"elementor-column-wrap elementor-element-populated\">\n\t\t\t\t\t\t\t<div class=\"elementor-widget-wrap\">\n\t\t\t\t\t\t<div class=\"elementor-element elementor-element-fbbab66 elementor-view-default elementor-mobile-position-top elementor-vertical-align-top elementor-widget elementor-widget-icon-box\" data-id=\"fbbab66\" data-element_type=\"widget\" data-widget_type=\"icon-box.default\">\n\t\t\t\t<div class=\"elementor-widget-container\">\n\t\t\t\t\t<div class=\"elementor-icon-box-wrapper\">\n\t\t\t\t\t\t<div class=\"elementor-icon-box-icon\">\n\t\t\t\t<span class=\"elementor-icon elementor-animation-\" >\n\t\t\t\t<i aria-hidden=\"true\" class=\"fas fa-shopping-basket\"><\/i>\t\t\t\t<\/span>\n\t\t\t<\/div>\n\t\t\t\t\t\t<div class=\"elementor-icon-box-content\">\n\t\t\t\t<h3 class=\"elementor-icon-box-title\">\n\t\t\t\t\t<span  >\n\t\t\t\t\t\tSklep Firmowy\t\t\t\t\t<\/span>\n\t\t\t\t<\/h3>\n\t\t\t\t\t\t\t\t\t<p class=\"elementor-icon-box-description\">\n\t\t\t\t\t\t\n62-095 Murowana Go\u015blina,<br\/>\nul. Pozna\u0144ska 1<br\/>\n<br\/>\nGODZINY OTWARCIA:<BR\/>\npon-pt: 5:30-18:00<BR\/>\nsob: 5:30 - 15:00<BR\/>\nniedz: 7:00 - 14:00<BR\/>\t\t\t\t\t<\/p>\n\t\t\t\t\t\t\t<\/div>\n\t\t<\/div>\n\t\t\t\t<\/div>\n\t\t\t\t<\/div>\n\t\t\t\t\t\t<\/div>\n\t\t\t\t\t<\/div>\n\t\t<\/div>\n\t\t\t\t\t\t\t\t<\/div>\n\t\t\t\t\t<\/div>\n\t\t<\/section>\n\t\t\t\t\t\t\t\t\t<\/div>\n\t\t\t<\/div>\n\t\t\t\t\t<\/div>\n\t\t","protected":false},"excerpt":{"rendered":"<p>Kontakt Zadzwo\u0144 61 812 22 81 691 222 060 Adres 62-095 Murowana Go\u015blina, ul. Polna 5 Godziny otwarcia pon-pt: 7:00-15:00 sob: 7:00 &#8211; 11:00 Napisz piekarnia@srhrolnik.pl Sklep Firmowy 62-095 Murowana Go\u015blina, ul. Pozna\u0144ska 1 GODZINY OTWARCIA: pon-pt: 5:30-18:00 sob: 5:30 &#8211; 15:00 niedz: 7:00 &#8211; 14:00<\/p>\n","protected":false},"author":1,"featured_media":0,"parent":0,"menu_order":0,"comment_status":"closed","ping_status":"closed","template":"","meta":{"site-sidebar-layout":"no-sidebar","site-content-layout":"page-builder","ast-global-header-display":"","ast-main-header-display":"","ast-hfb-above-header-display":"","ast-hfb-below-header-display":"","ast-hfb-mobile-header-display":"","site-post-title":"disabled","ast-breadcrumbs-content":"","ast-featured-img":"disabled","footer-sml-layout":"","theme-transparent-header-meta":"default","adv-header-id-meta":"","stick-header-meta":"","header-above-stick-meta":"","header-main-stick-meta":"","header-below-stick-meta":"","footnotes":""},"class_list":["post-53","page","type-page","status-publish","hentry"],"yoast_head":"<!-- This site is optimized with the Yoast SEO plugin v20.1 - https:\/\/yoast.com\/wordpress\/plugins\/seo\/ -->\n<title>KONTAKT - PIEKARNIA-CUKIERNIA<\/title>\n<meta name=\"description\" content=\"Piekarnia Cukiernia S.R.H. &quot;ROLNIK&quot; Murowana Go\u015blina zajmuje si\u0119 sprzeda\u017c\u0105 wyrob\u00f3w piekarniczych oraz cukierniczych wytwarzanych w tradycyjny spos\u00f3b, chleby na zakwasie, razowe, orkiszowe, wieloziarniste, ko\u0142odziej, rustykalny, wile\u0144ski, z makiem, torty, ciasta, ciasteczka, p\u0105czki, dro\u017cd\u017c\u00f3wki, eklery, babki, rolady, pierniki, ciastka francuskie, Rogale \u015awi\u0119tomarci\u0144sk. Pieczywo dla twojego sklepu, szko\u0142y, przedszkola, restauracji, hotelu. Dostawy pieczywa Murowana Go\u015blina, Pozna\u0144, Oborniki, Rogo\u017ano. Ka\u017amierz, Kozieg\u0142owy, Czerwonak, Suchy Las, Owi\u0144ska, W\u0105growiec, Tarnowo Podg\u00f3rne, Szamotu\u0142y, Skoki, Kiszkowo\" \/>\n<meta name=\"robots\" content=\"index, follow, max-snippet:-1, max-image-preview:large, max-video-preview:-1\" \/>\n<link rel=\"canonical\" href=\"https:\/\/srhrolnik.pl\/piekarnia-cukiernia\/?page_id=53\" \/>\n<meta property=\"og:locale\" content=\"pl_PL\" \/>\n<meta property=\"og:type\" content=\"article\" \/>\n<meta property=\"og:title\" content=\"KONTAKT - PIEKARNIA-CUKIERNIA\" \/>\n<meta property=\"og:description\" content=\"Piekarnia Cukiernia S.R.H. &quot;ROLNIK&quot; Murowana Go\u015blina zajmuje si\u0119 sprzeda\u017c\u0105 wyrob\u00f3w piekarniczych oraz cukierniczych wytwarzanych w tradycyjny spos\u00f3b, chleby na zakwasie, razowe, orkiszowe, wieloziarniste, ko\u0142odziej, rustykalny, wile\u0144ski, z makiem, torty, ciasta, ciasteczka, p\u0105czki, dro\u017cd\u017c\u00f3wki, eklery, babki, rolady, pierniki, ciastka francuskie, Rogale \u015awi\u0119tomarci\u0144sk. Pieczywo dla twojego sklepu, szko\u0142y, przedszkola, restauracji, hotelu. Dostawy pieczywa Murowana Go\u015blina, Pozna\u0144, Oborniki, Rogo\u017ano. Ka\u017amierz, Kozieg\u0142owy, Czerwonak, Suchy Las, Owi\u0144ska, W\u0105growiec, Tarnowo Podg\u00f3rne, Szamotu\u0142y, Skoki, Kiszkowo\" \/>\n<meta property=\"og:url\" content=\"https:\/\/srhrolnik.pl\/piekarnia-cukiernia\/?page_id=53\" \/>\n<meta property=\"og:site_name\" content=\"PIEKARNIA-CUKIERNIA\" \/>\n<meta property=\"article:modified_time\" content=\"2022-12-12T20:32:31+00:00\" \/>\n<meta name=\"twitter:card\" content=\"summary_large_image\" \/>\n<meta name=\"twitter:label1\" content=\"Szacowany czas czytania\" \/>\n\t<meta name=\"twitter:data1\" content=\"1 minuta\" \/>\n<script type=\"application\/ld+json\" class=\"yoast-schema-graph\">{\"@context\":\"https:\/\/schema.org\",\"@graph\":[{\"@type\":\"WebPage\",\"@id\":\"https:\/\/srhrolnik.pl\/piekarnia-cukiernia\/?page_id=53\",\"url\":\"https:\/\/srhrolnik.pl\/piekarnia-cukiernia\/?page_id=53\",\"name\":\"KONTAKT - PIEKARNIA-CUKIERNIA\",\"isPartOf\":{\"@id\":\"https:\/\/srhrolnik.pl\/piekarnia-cukiernia\/#website\"},\"datePublished\":\"2019-11-21T13:13:40+00:00\",\"dateModified\":\"2022-12-12T20:32:31+00:00\",\"description\":\"Piekarnia Cukiernia S.R.H. \\\"ROLNIK\\\" Murowana Go\u015blina zajmuje si\u0119 sprzeda\u017c\u0105 wyrob\u00f3w piekarniczych oraz cukierniczych wytwarzanych w tradycyjny spos\u00f3b, chleby na zakwasie, razowe, orkiszowe, wieloziarniste, ko\u0142odziej, rustykalny, wile\u0144ski, z makiem, torty, ciasta, ciasteczka, p\u0105czki, dro\u017cd\u017c\u00f3wki, eklery, babki, rolady, pierniki, ciastka francuskie, Rogale \u015awi\u0119tomarci\u0144sk. Pieczywo dla twojego sklepu, szko\u0142y, przedszkola, restauracji, hotelu. Dostawy pieczywa Murowana Go\u015blina, Pozna\u0144, Oborniki, Rogo\u017ano. Ka\u017amierz, Kozieg\u0142owy, Czerwonak, Suchy Las, Owi\u0144ska, W\u0105growiec, Tarnowo Podg\u00f3rne, Szamotu\u0142y, Skoki, Kiszkowo\",\"breadcrumb\":{\"@id\":\"https:\/\/srhrolnik.pl\/piekarnia-cukiernia\/?page_id=53#breadcrumb\"},\"inLanguage\":\"pl-PL\",\"potentialAction\":[{\"@type\":\"ReadAction\",\"target\":[\"https:\/\/srhrolnik.pl\/piekarnia-cukiernia\/?page_id=53\"]}]},{\"@type\":\"BreadcrumbList\",\"@id\":\"https:\/\/srhrolnik.pl\/piekarnia-cukiernia\/?page_id=53#breadcrumb\",\"itemListElement\":[{\"@type\":\"ListItem\",\"position\":1,\"name\":\"Strona g\u0142\u00f3wna\",\"item\":\"https:\/\/srhrolnik.pl\/piekarnia-cukiernia\/\"},{\"@type\":\"ListItem\",\"position\":2,\"name\":\"KONTAKT\"}]},{\"@type\":\"WebSite\",\"@id\":\"https:\/\/srhrolnik.pl\/piekarnia-cukiernia\/#website\",\"url\":\"https:\/\/srhrolnik.pl\/piekarnia-cukiernia\/\",\"name\":\"PIEKARNIA-CUKIERNIA\",\"description\":\"S.R.H. &quot;ROLNIK&quot; MUROWANA GO\u015aLINA\",\"publisher\":{\"@id\":\"https:\/\/srhrolnik.pl\/piekarnia-cukiernia\/#organization\"},\"potentialAction\":[{\"@type\":\"SearchAction\",\"target\":{\"@type\":\"EntryPoint\",\"urlTemplate\":\"https:\/\/srhrolnik.pl\/piekarnia-cukiernia\/?s={search_term_string}\"},\"query-input\":\"required name=search_term_string\"}],\"inLanguage\":\"pl-PL\"},{\"@type\":\"Organization\",\"@id\":\"https:\/\/srhrolnik.pl\/piekarnia-cukiernia\/#organization\",\"name\":\"Piekarnia-Cukiernia S.R.H. \\\"ROLNIK\\\" Murowana Go\u015blina\",\"url\":\"https:\/\/srhrolnik.pl\/piekarnia-cukiernia\/\",\"logo\":{\"@type\":\"ImageObject\",\"inLanguage\":\"pl-PL\",\"@id\":\"https:\/\/srhrolnik.pl\/piekarnia-cukiernia\/#\/schema\/logo\/image\/\",\"url\":\"https:\/\/srhrolnik.pl\/piekarnia-cukiernia\/wp-content\/uploads\/2019\/11\/ikona.png\",\"contentUrl\":\"https:\/\/srhrolnik.pl\/piekarnia-cukiernia\/wp-content\/uploads\/2019\/11\/ikona.png\",\"width\":594,\"height\":423,\"caption\":\"Piekarnia-Cukiernia S.R.H. \\\"ROLNIK\\\" Murowana Go\u015blina\"},\"image\":{\"@id\":\"https:\/\/srhrolnik.pl\/piekarnia-cukiernia\/#\/schema\/logo\/image\/\"}}]}<\/script>\n<!-- \/ Yoast SEO plugin. -->","yoast_head_json":{"title":"KONTAKT - PIEKARNIA-CUKIERNIA","description":"Piekarnia Cukiernia S.R.H. \"ROLNIK\" Murowana Go\u015blina zajmuje si\u0119 sprzeda\u017c\u0105 wyrob\u00f3w piekarniczych oraz cukierniczych wytwarzanych w tradycyjny spos\u00f3b, chleby na zakwasie, razowe, orkiszowe, wieloziarniste, ko\u0142odziej, rustykalny, wile\u0144ski, z makiem, torty, ciasta, ciasteczka, p\u0105czki, dro\u017cd\u017c\u00f3wki, eklery, babki, rolady, pierniki, ciastka francuskie, Rogale \u015awi\u0119tomarci\u0144sk. Pieczywo dla twojego sklepu, szko\u0142y, przedszkola, restauracji, hotelu. Dostawy pieczywa Murowana Go\u015blina, Pozna\u0144, Oborniki, Rogo\u017ano. Ka\u017amierz, Kozieg\u0142owy, Czerwonak, Suchy Las, Owi\u0144ska, W\u0105growiec, Tarnowo Podg\u00f3rne, Szamotu\u0142y, Skoki, Kiszkowo","robots":{"index":"index","follow":"follow","max-snippet":"max-snippet:-1","max-image-preview":"max-image-preview:large","max-video-preview":"max-video-preview:-1"},"canonical":"https:\/\/srhrolnik.pl\/piekarnia-cukiernia\/?page_id=53","og_locale":"pl_PL","og_type":"article","og_title":"KONTAKT - PIEKARNIA-CUKIERNIA","og_description":"Piekarnia Cukiernia S.R.H. \"ROLNIK\" Murowana Go\u015blina zajmuje si\u0119 sprzeda\u017c\u0105 wyrob\u00f3w piekarniczych oraz cukierniczych wytwarzanych w tradycyjny spos\u00f3b, chleby na zakwasie, razowe, orkiszowe, wieloziarniste, ko\u0142odziej, rustykalny, wile\u0144ski, z makiem, torty, ciasta, ciasteczka, p\u0105czki, dro\u017cd\u017c\u00f3wki, eklery, babki, rolady, pierniki, ciastka francuskie, Rogale \u015awi\u0119tomarci\u0144sk. Pieczywo dla twojego sklepu, szko\u0142y, przedszkola, restauracji, hotelu. Dostawy pieczywa Murowana Go\u015blina, Pozna\u0144, Oborniki, Rogo\u017ano. Ka\u017amierz, Kozieg\u0142owy, Czerwonak, Suchy Las, Owi\u0144ska, W\u0105growiec, Tarnowo Podg\u00f3rne, Szamotu\u0142y, Skoki, Kiszkowo","og_url":"https:\/\/srhrolnik.pl\/piekarnia-cukiernia\/?page_id=53","og_site_name":"PIEKARNIA-CUKIERNIA","article_modified_time":"2022-12-12T20:32:31+00:00","twitter_card":"summary_large_image","twitter_misc":{"Szacowany czas czytania":"1 minuta"},"schema":{"@context":"https:\/\/schema.org","@graph":[{"@type":"WebPage","@id":"https:\/\/srhrolnik.pl\/piekarnia-cukiernia\/?page_id=53","url":"https:\/\/srhrolnik.pl\/piekarnia-cukiernia\/?page_id=53","name":"KONTAKT - PIEKARNIA-CUKIERNIA","isPartOf":{"@id":"https:\/\/srhrolnik.pl\/piekarnia-cukiernia\/#website"},"datePublished":"2019-11-21T13:13:40+00:00","dateModified":"2022-12-12T20:32:31+00:00","description":"Piekarnia Cukiernia S.R.H. \"ROLNIK\" Murowana Go\u015blina zajmuje si\u0119 sprzeda\u017c\u0105 wyrob\u00f3w piekarniczych oraz cukierniczych wytwarzanych w tradycyjny spos\u00f3b, chleby na zakwasie, razowe, orkiszowe, wieloziarniste, ko\u0142odziej, rustykalny, wile\u0144ski, z makiem, torty, ciasta, ciasteczka, p\u0105czki, dro\u017cd\u017c\u00f3wki, eklery, babki, rolady, pierniki, ciastka francuskie, Rogale \u015awi\u0119tomarci\u0144sk. Pieczywo dla twojego sklepu, szko\u0142y, przedszkola, restauracji, hotelu. Dostawy pieczywa Murowana Go\u015blina, Pozna\u0144, Oborniki, Rogo\u017ano. Ka\u017amierz, Kozieg\u0142owy, Czerwonak, Suchy Las, Owi\u0144ska, W\u0105growiec, Tarnowo Podg\u00f3rne, Szamotu\u0142y, Skoki, Kiszkowo","breadcrumb":{"@id":"https:\/\/srhrolnik.pl\/piekarnia-cukiernia\/?page_id=53#breadcrumb"},"inLanguage":"pl-PL","potentialAction":[{"@type":"ReadAction","target":["https:\/\/srhrolnik.pl\/piekarnia-cukiernia\/?page_id=53"]}]},{"@type":"BreadcrumbList","@id":"https:\/\/srhrolnik.pl\/piekarnia-cukiernia\/?page_id=53#breadcrumb","itemListElement":[{"@type":"ListItem","position":1,"name":"Strona g\u0142\u00f3wna","item":"https:\/\/srhrolnik.pl\/piekarnia-cukiernia\/"},{"@type":"ListItem","position":2,"name":"KONTAKT"}]},{"@type":"WebSite","@id":"https:\/\/srhrolnik.pl\/piekarnia-cukiernia\/#website","url":"https:\/\/srhrolnik.pl\/piekarnia-cukiernia\/","name":"PIEKARNIA-CUKIERNIA","description":"S.R.H. &quot;ROLNIK&quot; MUROWANA GO\u015aLINA","publisher":{"@id":"https:\/\/srhrolnik.pl\/piekarnia-cukiernia\/#organization"},"potentialAction":[{"@type":"SearchAction","target":{"@type":"EntryPoint","urlTemplate":"https:\/\/srhrolnik.pl\/piekarnia-cukiernia\/?s={search_term_string}"},"query-input":"required name=search_term_string"}],"inLanguage":"pl-PL"},{"@type":"Organization","@id":"https:\/\/srhrolnik.pl\/piekarnia-cukiernia\/#organization","name":"Piekarnia-Cukiernia S.R.H. \"ROLNIK\" Murowana Go\u015blina","url":"https:\/\/srhrolnik.pl\/piekarnia-cukiernia\/","logo":{"@type":"ImageObject","inLanguage":"pl-PL","@id":"https:\/\/srhrolnik.pl\/piekarnia-cukiernia\/#\/schema\/logo\/image\/","url":"https:\/\/srhrolnik.pl\/piekarnia-cukiernia\/wp-content\/uploads\/2019\/11\/ikona.png","contentUrl":"https:\/\/srhrolnik.pl\/piekarnia-cukiernia\/wp-content\/uploads\/2019\/11\/ikona.png","width":594,"height":423,"caption":"Piekarnia-Cukiernia S.R.H. \"ROLNIK\" Murowana Go\u015blina"},"image":{"@id":"https:\/\/srhrolnik.pl\/piekarnia-cukiernia\/#\/schema\/logo\/image\/"}}]}},"_links":{"self":[{"href":"https:\/\/srhrolnik.pl\/piekarnia-cukiernia\/index.php?rest_route=\/wp\/v2\/pages\/53","targetHints":{"allow":["GET"]}}],"collection":[{"href":"https:\/\/srhrolnik.pl\/piekarnia-cukiernia\/index.php?rest_route=\/wp\/v2\/pages"}],"about":[{"href":"https:\/\/srhrolnik.pl\/piekarnia-cukiernia\/index.php?rest_route=\/wp\/v2\/types\/page"}],"author":[{"embeddable":true,"href":"https:\/\/srhrolnik.pl\/piekarnia-cukiernia\/index.php?rest_route=\/wp\/v2\/users\/1"}],"replies":[{"embeddable":true,"href":"https:\/\/srhrolnik.pl\/piekarnia-cukiernia\/index.php?rest_route=%2Fwp%2Fv2%2Fcomments&post=53"}],"version-history":[{"count":21,"href":"https:\/\/srhrolnik.pl\/piekarnia-cukiernia\/index.php?rest_route=\/wp\/v2\/pages\/53\/revisions"}],"predecessor-version":[{"id":1726,"href":"https:\/\/srhrolnik.pl\/piekarnia-cukiernia\/index.php?rest_route=\/wp\/v2\/pages\/53\/revisions\/1726"}],"wp:attachment":[{"href":"https:\/\/srhrolnik.pl\/piekarnia-cukiernia\/index.php?rest_route=%2Fwp%2Fv2%2Fmedia&parent=53"}],"curies":[{"name":"wp","href":"https:\/\/api.w.org\/{rel}","templated":true}]}}